{"id":32,"date":"2018-05-24T08:37:41","date_gmt":"2018-05-24T08:37:41","guid":{"rendered":"https:\/\/www.futingo.de\/?page_id=32"},"modified":"2018-05-24T18:28:02","modified_gmt":"2018-05-24T18:28:02","slug":"datenschutzerklarung","status":"publish","type":"page","link":"https:\/\/www.futingo.de\/index.php\/datenschutzerklarung\/","title":{"rendered":"Datenschutzerkl\u00e4rung"},"content":{"rendered":"<p><strong><big>Datenschutzerkl\u00e4rung<\/big><\/strong><\/p>\n<p><strong>Allgemeiner Hinweis und Pflichtinformationen<\/strong><\/p>\n<p><strong>Benennung der verantwortlichen Stelle<\/strong><\/p>\n<p>Die verantwortliche Stelle f\u00fcr die Datenverarbeitung auf dieser Website ist:<\/p>\n<p><span id=\"s3-t-firma\">futingo GmbH<\/span><br \/>\n<span id=\"s3-t-ansprechpartner\">Tino Naphtali<\/span><br \/>\n<span id=\"s3-t-strasse\">Friedrich-Engels-Str. 16<\/span><br \/>\n<span id=\"s3-t-plz\">15370<\/span>\u00a0<span id=\"s3-t-ort\">Fredersdorf<\/span><\/p>\n<p>Die verantwortliche Stelle entscheidet allein oder gemeinsam mit anderen \u00fcber die Zwecke und Mittel der Verarbeitung von personenbezogenen Daten (z.B. Namen, Kontaktdaten o. \u00c4.).<\/p>\n<p><strong>Allgemeine Zwecke der Verarbeitung<\/strong><\/p>\n<p>Wir verwenden personenbezogene Daten zum Zweck des Betriebs der Websites:<\/p>\n<ul>\n<li>www.futingo.de<\/li>\n<li>www.futingo.gmbh<\/li>\n<li>redmine.futingo.gmbh<\/li>\n<li>iseed.futingo.de<\/li>\n<\/ul>\n<p><strong>Widerruf Ihrer Einwilligung zur Datenverarbeitung<\/strong><\/p>\n<p>Nur mit Ihrer ausdr\u00fccklichen Einwilligung sind einige Vorg\u00e4nge der Datenverarbeitung m\u00f6glich. Ein Widerruf Ihrer bereits erteilten Einwilligung ist jederzeit m\u00f6glich. F\u00fcr den Widerruf gen\u00fcgt eine formlose Mitteilung per E-Mail. Die Rechtm\u00e4\u00dfigkeit der bis zum Widerruf erfolgten Datenverarbeitung bleibt vom Widerruf unber\u00fchrt.<\/p>\n<p><strong>Ihre Rechte als von der Datenverarbeitung Betroffener<\/strong><\/p>\n<p>Nach den anwendbaren Gesetzen haben Sie verschiedene Rechte bezu\u0308glich Ihrer personenbezogenen Daten. Mo\u0308chten Sie diese Rechte geltend machen, so richten Sie Ihre Anfrage bitte per E-Mail oder per Post unter eindeutiger Identifizierung Ihrer Person an die im Impressum genannte Adresse oder an info@futingo.de.<\/p>\n<p><strong>Recht auf Beschwerde bei der zust\u00e4ndigen Aufsichtsbeh\u00f6rde<\/strong><\/p>\n<p>Als Betroffener steht Ihnen im Falle eines datenschutzrechtlichen Versto\u00dfes ein Beschwerderecht bei der zust\u00e4ndigen Aufsichtsbeh\u00f6rde zu. Zust\u00e4ndige Aufsichtsbeh\u00f6rde bez\u00fcglich datenschutzrechtlicher Fragen ist der\/die\u00a0<a href=\"http:\/\/www.lda.brandenburg.de\/cms\/detail.php?gsid=bb1.c.233960.de\">Landesdatenschutzbeauftragte des Landes Brandenburg<\/a>.<\/p>\n<p><strong>Recht auf Daten\u00fcbertragbarkeit<\/strong><\/p>\n<p>Ihnen steht das Recht zu, Daten, die wir auf Grundlage Ihrer Einwilligung oder in Erf\u00fcllung eines Vertrags automatisiert verarbeiten, an sich oder an Dritte aush\u00e4ndigen zu lassen. Die Bereitstellung erfolgt in einem maschinenlesbaren Format. Sofern Sie die direkte \u00dcbertragung der Daten an einen anderen Verantwortlichen verlangen, erfolgt dies nur, soweit es technisch machbar ist.<\/p>\n<p><strong>Recht auf Auskunft<\/strong><\/p>\n<p>Sie haben das Recht auf eine u\u0308bersichtliche Auskunft u\u0308ber die Verarbeitung Ihrer personenbezogenen Daten.<\/p>\n<p>Im Einzelnen:<\/p>\n<p>Sie haben jederzeit das Recht, von uns eine Besta\u0308tigung daru\u0308ber zu erhalten, ob Sie betreffende personenbezogene Daten verarbeitet werden. Ist dies der Fall, so haben Sie das Recht, von uns eine unentgeltliche Auskunft u\u0308ber die zu Ihnen gespeicherten personenbezogenen Daten nebst einer Kopie dieser Daten zu verlangen. Des Weiteren besteht ein Recht auf folgende Informationen:<\/p>\n<ol>\n<li>die Verarbeitungszwecke;<\/li>\n<li>die Kategorien personenbezogener Daten, die verarbeitet werden;<\/li>\n<li>die Empfa\u0308nger oder Kategorien von Empfa\u0308ngern, gegenu\u0308ber denen die personenbezogenen Daten offengelegt worden sind oder noch offengelegt werden, insbesondere bei Empfa\u0308nger in Drittla\u0308ndern oder bei internationalen Organisationen;<\/li>\n<li>falls mo\u0308glich, die geplante Dauer, fu\u0308r die die personenbezogenen Daten gespeichert werden,oder, falls dies nicht mo\u0308glich ist, die Kriterien fu\u0308r die Festlegung dieser Dauer;<\/li>\n<li>das Bestehen eines Rechts auf Berichtigung oder Lo\u0308schung der Sie betreffenden personenbezogenen Daten oder auf Einschra\u0308nkung der Verarbeitung durch denVerantwortlichen oder eines Widerspruchsrechts gegen diese Verarbeitung;<\/li>\n<li>das Bestehen eines Beschwerderechts bei einer Aufsichtsbeho\u0308rde;<\/li>\n<li>wenn die personenbezogenen Daten nicht bei Ihnen erhoben werden, alle verfu\u0308gbarenInformationen u\u0308ber die Herkunft der Daten;<\/li>\n<li>das Bestehen einer automatisierten Entscheidungsfindung einschlie\u00dflich Profiling gema\u0308\u00df Art.22 Abs. 1 und 4 DSGVO und \u2013 zumindest in diesen Fa\u0308llen \u2013 aussagekra\u0308ftige Informationen u\u0308ber die involvierte Logik sowie die Tragweite und die angestrebten Auswirkungen einer derartigen Verarbeitung fu\u0308r Sie.<\/li>\n<\/ol>\n<p>Werden personenbezogene Daten an ein Drittland oder an eine internationale Organisation u\u0308bermittelt, so haben Sie das Recht, u\u0308ber die geeigneten Garantien gema\u0308\u00df Art. 46 DSGVO im Zusammenhang mit der U\u0308bermittlung unterrichtet zu werden.<\/p>\n<p><strong>Recht auf Berichtigung<\/strong><\/p>\n<p>Sie haben das Recht, von uns die Berichtigung und ggf. auch Vervollsta\u0308ndigung Sie betreffender personenbezogener Daten zu verlangen.<\/p>\n<p>Im Einzelnen:<\/p>\n<p>Sie haben das Recht, von uns unverzu\u0308glich die Berichtigung Sie betreffender unrichtiger personenbezogener Daten zu verlangen. Unter Beru\u0308cksichtigung der Zwecke der Verarbeitung haben Sie das Recht, die Vervollsta\u0308ndigung unvollsta\u0308ndiger personenbezogener Daten \u2013 auch mittels einer erga\u0308nzenden Erkla\u0308rung \u2013 zu verlangen.<\/p>\n<p><strong>Recht auf Einschra\u0308nkung der Verarbeitung \/ auf Sperrung<\/strong><\/p>\n<p>In einer Reihe von Fa\u0308llen sind Sie berechtigt, von uns eine Einschra\u0308nkung der Verarbeitung Ihrer personenbezogenen Daten zu verlangen.<\/p>\n<p>Im Einzelnen:<\/p>\n<p>Sie haben das Recht, von uns die Einschra\u0308nkung der Verarbeitung zu verlangen, wenn eine der folgenden Voraussetzungen gegeben ist:<\/p>\n<ol>\n<li>die Richtigkeit der personenbezogenen Daten wird von Ihnen bestritten, und zwar fu\u0308r eine Dauer, die es uns ermo\u0308glicht, die Richtigkeit der personenbezogenen Daten zu u\u0308berpru\u0308fen,<\/li>\n<li>die Verarbeitung unrechtma\u0308\u00dfig ist und Sie die Lo\u0308schung der personenbezogenen Datenablehnten und stattdessen die Einschra\u0308nkung der Nutzung der personenbezogenen Datenverlangt haben;<\/li>\n<li>wir die personenbezogenen Daten fu\u0308r die Zwecke der Verarbeitung nicht la\u0308nger beno\u0308tigen,Sie die Daten jedoch zur Geltendmachung, Ausu\u0308bung oder Verteidigung von Rechtsanspru\u0308chen beno\u0308tigen, oder<\/li>\n<li>Sie Widerspruch gegen die Verarbeitung gema\u0308\u00df Art. 21 Abs. 1 DSGVO eingelegt haben, solange noch nicht feststeht, ob die berechtigten Gru\u0308nde unseres Unternehmens gegenu\u0308ber den Ihren u\u0308berwiegen.<\/li>\n<\/ol>\n<p><strong>Recht auf Datenu\u0308bertragbarkeit<\/strong><\/p>\n<p>Sie haben das Recht, Sie betreffende personenbezogene Daten maschinenlesbar zu erhalten, zu u\u0308bermitteln, oder von uns u\u0308bermitteln zu lasen.<\/p>\n<p>Im Einzelnen:<\/p>\n<p>Sie haben das Recht, die Sie betreffenden personenbezogenen Daten, die Sie uns bereitgestellt haben, in einem strukturierten, ga\u0308ngigen und maschinenlesbaren Format zu erhalten, und Sie haben das Recht, diese Daten einem anderen Verantwortlichen ohne Behinderung durch uns zu u\u0308bermitteln, sofern<\/p>\n<p>1. die Verarbeitung auf einer Einwilligung gema\u0308\u00df Art. 6 Abs. 1 S. 1 a) DSGVO oder Art. 9 Abs. 2 a) DSGVO oder auf einem Vertrag gema\u0308\u00df Art. 6 Abs. 1 S. 1 b) DSGVO beruht und<\/p>\n<p>2. die Verarbeitung mithilfe automatisierter Verfahren erfolgt.<\/p>\n<p>Bei der Ausu\u0308bung Ihres Rechts auf Datenu\u0308bertragbarkeit gema\u0308\u00df Absatz 1 haben Sie das Recht, zu erwirken, dass die personenbezogenen Daten direkt von uns einem anderen Verantwortlichen u\u0308bermittelt werden, soweit dies technisch machbar ist.<\/p>\n<p><strong>Widerspruchsrecht<\/strong><\/p>\n<p>Sie haben das Recht, aus einer rechtma\u0308\u00dfigen Verarbeitung Ihrer personenbezogenen Daten durch uns zu widersprechen, wenn sich dies aus Ihrer besonderen Situation begru\u0308ndet und unsere Interessen an der Verarbeitung nicht u\u0308berwiegen.<\/p>\n<p>Im Einzelnen:<\/p>\n<p>Sie haben das Recht, aus Gru\u0308nden, die sich aus Ihrer besonderen Situation ergeben, jederzeit gegen die Verarbeitung Sie betreffender personenbezogener Daten, die aufgrund von Art. 6 Abs. 1 S. 1 e) oder f) DSGVO erfolgt, Widerspruch einzulegen; dies gilt auch fu\u0308r ein auf diese Bestimmungen gestu\u0308tztes Profiling. Wir verarbeiten die personenbezogenen Daten nicht mehr, es sei denn, wir ko\u0308nnen zwingende schutzwu\u0308rdige Gru\u0308nde fu\u0308r die Verarbeitung nachweisen, die Ihre Interessen, Rechte und Freiheiten u\u0308berwiegen, oder die Verarbeitung dient der Geltendmachung, Ausu\u0308bung oder Verteidigung von Rechtsanspru\u0308chen.<\/p>\n<p>Werden personenbezogene Daten von uns verarbeitet, um Direktwerbung zu betreiben, so haben Sie das Recht, jederzeit Widerspruch gegen die Verarbeitung Sie betreffender personenbezogener Daten zum Zwecke derartiger Werbung einzulegen; dies gilt auch fu\u0308r das Profiling, soweit es mit solcher Direktwerbung in Verbindung steht.<\/p>\n<p>Sie haben das Recht, aus Gru\u0308nden, die sich aus Ihrer besonderen Situation ergeben, gegen die Sie betreffende Verarbeitung Sie betreffender personenbezogener Daten, die zu wissenschaftlichen oder historischen Forschungszwecken oder zu statistischen Zwecken gema\u0308\u00df Art. 89 Abs. 1 DSGVO erfolgt, Widerspruch einzulegen, es sei denn, die Verarbeitung ist zur Erfu\u0308llung einer im o\u0308ffentlichen Interesse liegenden Aufgabe erforderlich.<\/p>\n<p><strong>Recht auf L\u00f6schung<\/strong><\/p>\n<p>In einer Reihe von Fa\u0308llen sind wir verpflichtet, Sie betreffende personenbezogene Daten zu lo\u0308schen.<\/p>\n<p>Im Einzelnen:<\/p>\n<p>Sie haben gema\u0308\u00df Art. 17 Abs. 1 DSGVO das Recht, von uns zu verlangen, dass Sie betreffende personenbezogene Daten unverzu\u0308glich gelo\u0308scht werden, und wir sind verpflichtet, personenbezogene Daten unverzu\u0308glich zu lo\u0308schen, sofern einer der folgenden Gru\u0308nde zutrifft:<\/p>\n<ol>\n<li>Die personenbezogenen Daten sind fu\u0308r die Zwecke, fu\u0308r die sie erhoben oder auf sonstige Weise verarbeitet wurden, nicht mehr notwendig.<\/li>\n<li>Sie widerrufen Ihre Einwilligung, auf die sich die Verarbeitung gema\u0308\u00df Art. 6 Abs. 1 S. 1 a) DSGVO oderArt. 9Abs. 2 a) DSGVO stu\u0308tzte, und es fehlt an einer anderweitigen Rechtsgrundlage fu\u0308r die Verarbeitung.<\/li>\n<li>Sie legen gema\u0308\u00df Art. 21 Abs. 1 DSGVO Widerspruch gegen die Verarbeitung ein und es liegen keine vorrangigen berechtigten Gru\u0308nde fu\u0308r die Verarbeitung vor, oder Sie legen gema\u0308\u00df Art. 21 Abs. 2 DSGVO Widerspruch gegen die Verarbeitung ein.<\/li>\n<li>Die personenbezogenen Daten wurden unrechtma\u0308\u00dfig verarbeitet.<\/li>\n<li>Die Lo\u0308schung der personenbezogenen Daten ist zur Erfu\u0308llung einer rechtlichen Verpflichtungnach dem Unionsrecht oder dem Recht der Mitgliedstaaten erforderlich, dem wir unterliegen.<\/li>\n<li>Die personenbezogenen Daten wurden in Bezug auf angebotene Dienste derInformationsgesellschaft gema\u0308\u00df Art. 8 Abs. 1 DSGVO erhoben.<\/li>\n<\/ol>\n<p>Haben wir die personenbezogenen Daten o\u0308ffentlich gemacht und sind wir gema\u0308\u00df Art. 17 Abs. 1 DSGVO zu deren Lo\u0308schung verpflichtet, so treffen wir unter Beru\u0308cksichtigung der verfu\u0308gbaren Technologie und der Implementierungskosten angemessene Ma\u00dfnahmen, auch technischer Art, um fu\u0308r die Datenverarbeitung Verantwortliche, die die personenbezogenen Daten verarbeiten, daru\u0308ber zu informieren, dass Sie von ihnen die Lo\u0308schung aller Links zu diesen personenbezogenen Daten oder von Kopien oder Replikationen dieser personenbezogenen Daten verlangt haben.<\/p>\n<p><strong>Datensicherheit<\/strong><\/p>\n<p>Wir sind um die Sicherheit Ihrer Daten im Rahmen der geltenden Datenschutzgesetze und technischen Mo\u0308glichkeiten maximal bemu\u0308ht.<\/p>\n<p>Ihre perso\u0308nlichen Daten werden bei uns verschlu\u0308sselt u\u0308bertragen. Dies gilt fu\u0308r Ihre Bestellungen und auch fu\u0308r das Kundenlogin. Wir nutzen das Codierungssystem SSL (Secure Socket Layer), weisen jedoch darauf hin, dass die Datenu\u0308bertragung im Internet (z.B. bei der Kommunikation per E-Mail) Sicherheitslu\u0308cken aufweisen kann. Ein lu\u0308ckenloser Schutz der Daten vor dem Zugriff durch Dritte ist nicht mo\u0308glich.<\/p>\n<p>Zur Sicherung Ihrer Daten unterhalten wir technische und organisatorische Sicherungsma\u00dfnahmen entsprechend Art. 32 DSGVO, die wir immer wieder dem Stand der Technik anpassen.<\/p>\n<p>Wir gewa\u0308hrleisten au\u00dferdem nicht, dass unser Angebot zu bestimmten Zeiten zur Verfu\u0308gung steht; Sto\u0308rungen, Unterbrechungen oder Ausfa\u0308lle ko\u0308nnen nicht ausgeschlossen werden. Die von uns verwendeten Server werden regelma\u0308\u00dfig sorgfa\u0308ltig gesichert.<\/p>\n<p><strong>Server-Log-Dateien<\/strong><\/p>\n<p>In Server-Log-Dateien erhebt und speichert der Provider der Website automatisch Informationen, die Ihr Browser automatisch an uns \u00fcbermittelt. Dies sind:<\/p>\n<ul>\n<li>Browsertyp und Browserversion<\/li>\n<li>Verwendetes Betriebssystem<\/li>\n<li>Referrer URL<\/li>\n<li>Hostname des zugreifenden Rechners<\/li>\n<li>Uhrzeit der Serveranfrage<\/li>\n<li>IP-Adresse<\/li>\n<\/ul>\n<p>Es findet keine Zusammenf\u00fchrung dieser Daten mit anderen Datenquellen statt.<\/p>\n<p>Wir nutzen diese Protokolldaten ohne Zuordnung zu Ihrer Person oder sonstiger Profilerstellung fu\u0308r statistische Auswertungen zum Zweck des Betriebs, der Sicherheit und der Optimierung unserer Website, aber auch zur anonymen Erfassung der Anzahl der Besucher auf unserer Website (traffic) sowie zum Umfang und zur Art der Nutzung unserer Website und Dienste, ebenso zu Abrechnungszwecken, um die Anzahl der von Kooperationspartnern erhaltenen Clicks zu messen. Aufgrund dieser Informationen ko\u0308nnen wir personalisierte und standortbezogene Inhalte zur Verfu\u0308gung stellen und den Datenverkehr analysieren, Fehler suchen und beheben und unsere Dienste verbessern.<\/p>\n<p>Hierin liegt auch unser berechtigtes Interesse gema\u0308\u00df Art 6 Abs. 1 S. 1 f) DSGVO.<\/p>\n<p>Wir behalten uns vor, die Protokolldaten nachtra\u0308glich zu u\u0308berpru\u0308fen, wenn aufgrund konkreter Anhaltspunkte der berechtigte Verdacht einer rechtswidrigen Nutzung besteht. IP-Adressen speichern wir fu\u0308r einen begrenzten Zeitraum in den Logfiles, wenn dies fu\u0308r Sicherheitszwecke erforderlich oder fu\u0308r die Leistungserbringung oder die Abrechnung einer Leistung no\u0308tig ist, z. B. wenn Sie eines unserer Angebote nutzen. IP-Adressen speichern wir auch dann, wenn wir den konkreten Verdacht einer Straftat im Zusammenhang mit der Nutzung unserer Website haben. Au\u00dferdem speichern wir als Teil Ihres Accounts das Datum Ihres letzten Besuchs.<\/p>\n<p><strong>Registrierung auf dieser Website<\/strong><\/p>\n<p>Zur Nutzung bestimmter Funktionen k\u00f6nnen Sie sich auf unserer Website registrieren. Die \u00fcbermittelten Daten dienen ausschlie\u00dflich zum Zwecke der Nutzung des jeweiligen Angebotes oder Dienstes. Bei der Registrierung abgefragte Pflichtangaben sind vollst\u00e4ndig anzugeben. Andernfalls werden wir die Registrierung ablehnen.<\/p>\n<p>Im Falle wichtiger \u00c4nderungen, etwa aus technischen Gr\u00fcnden, informieren wir Sie per E-Mail. Die E-Mail wird an die Adresse versendet, die bei der Registrierung angegeben wurde.<\/p>\n<p>Die Verarbeitung der bei der Registrierung eingegebenen Daten erfolgt auf Grundlage Ihrer Einwilligung (Art. 6 Abs. 1 lit. a DSGVO). Ein Widerruf Ihrer bereits erteilten Einwilligung ist jederzeit m\u00f6glich. F\u00fcr den Widerruf gen\u00fcgt eine formlose Mitteilung per E-Mail. Die Rechtm\u00e4\u00dfigkeit der bereits erfolgten Datenverarbeitung bleibt vom Widerruf unber\u00fchrt.<\/p>\n<p>Wir speichern die bei der Registrierung erfassten Daten w\u00e4hrend des Zeitraums, den Sie auf unserer Website registriert sind. Ihren Daten werden gel\u00f6scht, sollten Sie Ihre Registrierung aufheben. Gesetzliche Aufbewahrungsfristen bleiben unber\u00fchrt.<\/p>\n<p><strong>Weitergabe von Daten an Dritte, keine Datenu\u0308bertragung ins Nicht-EU-Ausland<\/strong><\/p>\n<p>Grundsa\u0308tzlich verwenden wir Ihre personenbezogenen Daten nur innerhalb unseres Unternehmens.<\/p>\n<p>Wenn und soweit wir Dritte im Rahmen der Erfu\u0308llung von Vertra\u0308gen einschalten (etwa Dienstleister), erhalten diese personenbezogene Daten nur in dem Umfang, in welchem die U\u0308bermittlung fu\u0308r die entsprechende Leistung erforderlich ist.<\/p>\n<p>Fu\u0308r den Fall, dass wir bestimmte Teile der Datenverarbeitung auslagern (\u201eAuftragsverarbeitung\u201c), verpflichten wir Auftragsverarbeiter vertraglich dazu, personenbezogene Daten nur im Einklang mit den Anforderungen der Datenschutzgesetze zu verwenden und den Schutz der Rechte der betroffenen Person zu gewa\u0308hrleisten.<\/p>\n<p>Eine Datenu\u0308bertragung an Stellen oder Personen au\u00dferhalb der EU findet nicht statt und ist nicht geplant.<\/p>\n<p><strong>Daten zur Erfu\u0308llung unserer vertraglichen Pflichten<\/strong><\/p>\n<p>Wir verarbeiten personenbezogene Daten, die wir zur Erfu\u0308llung unserer vertraglichen Pflichten beno\u0308tigen, etwa Name, Adresse, E-Mail-Adresse, Rechnungs- und Zahlungsdaten. Die Erhebung dieser Daten ist fu\u0308r den Vertragsschluss erforderlich.<\/p>\n<p>Die Lo\u0308schung der Daten erfolgt nach Ablauf der Gewa\u0308hrleistungsfristen und gesetzlicher Aufbewahrungsfristen. Daten, die mit einem Nutzerkonto verknu\u0308pft sind, bleiben in jedem Fall fu\u0308r die Zeit der Fu\u0308hrung dieses Kontos erhalten.<\/p>\n<p>Die Rechtgrundlage fu\u0308r die Verarbeitung dieser Daten ist Art. 6 Abs. 1 S. 1 b) DSGVO, denn diese Daten werden beno\u0308tigt, damit wir unsere vertraglichen Pflichten Ihnen gegenu\u0308ber erfu\u0308llen ko\u0308nnen.<\/p>\n<p><strong>Nutzerkonto<\/strong><\/p>\n<p>Sie ko\u0308nnen in unserem Ticket-System sowie in unserer Demo-Installation ein Nutzerkonto anlegen. Wu\u0308nschen Sie dies, so beno\u0308tigen wir die beim Login abgefragten personenbezogenen Daten. Beim spa\u0308teren Einloggen werden nur Ihre Email bzw. Benutzername und das von Ihnen gewa\u0308hlte Passwort beno\u0308tigt.<\/p>\n<p>Fu\u0308r die Neuregistrierung erheben wir Stammdaten (z. B. Name, Adresse), Kommunikationsdaten (z. B. E-Mail-Adresse) und Zugangsdaten (Benutzername u. Passwort).<\/p>\n<p>Um Ihre ordnungsgema\u0308\u00dfe Anmeldung sicherzustellen und unautorisierte Anmeldungen durch Dritte zu verhindern, erhalten Sie nach Ihrer Registrierung einen Aktivierungslink per E-Mail, um Ihren Account zu aktivieren. Erst nach erfolgter Registrierung speichern wir die von Ihnen u\u0308bermittelten Daten dauerhaft in unserem System.<\/p>\n<p>Sie ko\u0308nnen ein einmal angelegtes Nutzerkonto jederzeit von uns lo\u0308schen lassen, ohne dass hierfu\u0308r andere als die U\u0308bermittlungskosten nach den Basistarifen entstehen. Eine Mitteilung in Textform an info@futingo.de oder unseren im Impressum aufgef\u00fchrten Kontaktdaten reicht hierfu\u0308r aus. Wir werden dann Ihre gespeicherten personenbezogenen Daten lo\u0308schen, soweit wir diese nicht noch zur Abwicklung von Bestellungen oder aufgrund gesetzlicher Aufbewahrungspflichten speichern mu\u0308ssen.<\/p>\n<p>Rechtgrundlage fu\u0308r die Verarbeitung dieser Daten ist Ihre Einwilligung gema\u0308\u00df Art. 6 Abs. 1 S. 1 a) DSGVO.<\/p>\n<p><strong>Speicherdauer von Beitr\u00e4gen und Kommentaren<\/strong><\/p>\n<p>Sofern nicht spezifisch angegeben speichern wir personenbezogene Daten nur so lange, wie dies zur Erfu\u0308llung der verfolgten Zwecke notwendig ist.<\/p>\n<p>In einigen Fa\u0308llen sieht der Gesetzgeber die Aufbewahrung von personenbezogenen Daten vor, etwa im Steuer- oder Handelsrecht. In diesen Fa\u0308llen werden die Daten von uns lediglich fu\u0308r diese gesetzlichen Zwecke weiter gespeichert, aber nicht anderweitig verarbeitet und nach Ablauf der gesetzlichen Aufbewahrungsfrist gelo\u0308scht.<\/p>\n<p>Beitr\u00e4ge und Kommentare im Ticket-System sowie damit in Verbindung stehende Daten, wie beispielsweise IP-Adressen, werden gespeichert. Der Inhalt verbleibt im Ticket-System, bis er vollst\u00e4ndig gel\u00f6scht wurde oder aus rechtlichen Gr\u00fcnden gel\u00f6scht werden musste.<\/p>\n<p>Die Speicherung der Beitr\u00e4ge und Kommentare erfolgt auf Grundlage Ihrer Einwilligung (Art. 6 Abs. 1 lit. a DSGVO). Ein Widerruf Ihrer bereits erteilten Einwilligung ist jederzeit m\u00f6glich. F\u00fcr den Widerruf gen\u00fcgt eine formlose Mitteilung per E-Mail. Die Rechtm\u00e4\u00dfigkeit bereits erfolgter Datenverarbeitungsvorg\u00e4nge bleibt vom Widerruf unber\u00fchrt.<\/p>\n<p><strong>E-Mail Kontakt<\/strong><\/p>\n<p>Wenn Sie mit uns in Kontakt treten (z. B. per Ticket, Kontaktformular oder E-Mail), verarbeiten wir Ihre Angaben zur Bearbeitung der Anfrage sowie fu\u0308r den Fall, dass Anschlussfragen entstehen.<\/p>\n<p>Erfolgt die Datenverarbeitung zur Durchfu\u0308hrung vorvertraglicher Ma\u00dfnahmen, die auf Ihre Anfrage hin erfolgen, bzw., wenn Sie bereits unser Kunde sind, zur Durchfu\u0308hrung des Vertrages, ist Rechtsgrundlage fu\u0308r diese Datenverarbeitung Art. 6 Abs. 1 S. 1 b) DSGVO.<\/p>\n<p>Weitere personenbezogene Daten verarbeiten wir nur, wenn Sie dazu einwilligen (Art. 6 Abs. 1 S. 1 a) DSGVO) oder wir ein berechtigtes Interesse an der Verarbeitung Ihrer Daten haben (Art. 6 Abs. 1 S. 1 f) DSGVO). Ein berechtigtes Interesse liegt z. B. darin, auf Ihre E-Mail zu antworten.<\/p>\n<p><strong>Datenschutzbeauftragter<\/strong><\/p>\n<p>Sollten Sie noch Fragen oder Bedenken zum Datenschutz haben, so wenden Sie sich bitte an unseren Datenschutzbeauftragten via info@futingo.de.<\/p>\n<p><font color=\"#FFFFFF\"><br \/>\n.<br \/>\n.<br \/>\n.<br \/>\n.<br \/>\n<\/font><\/p>\n","protected":false},"excerpt":{"rendered":"<p>Datenschutzerkl\u00e4rung Allgemeiner Hinweis und Pflichtinformationen Benennung der verantwortlichen Stelle Die verantwortliche Stelle f\u00fcr die Datenverarbeitung auf dieser Website ist: futingo GmbH Tino Naphtali Friedrich-Engels-Str. 16 15370\u00a0Fredersdorf Die verantwortliche Stelle entscheidet allein oder gemeinsam mit anderen \u00fcber die Zwecke und Mittel der Verarbeitung von personenbezogenen Daten (z.B. Namen, Kontaktdaten o. \u00c4.). Allgemeine Zwecke der Verarbeitung Wir [&hellip;]<\/p>\n","protected":false},"author":1,"featured_media":0,"parent":0,"menu_order":0,"comment_status":"closed","ping_status":"closed","template":"","meta":[],"_links":{"self":[{"href":"https:\/\/www.futingo.de\/index.php\/wp-json\/wp\/v2\/pages\/32"}],"collection":[{"href":"https:\/\/www.futingo.de\/index.php\/wp-json\/wp\/v2\/pages"}],"about":[{"href":"https:\/\/www.futingo.de\/index.php\/wp-json\/wp\/v2\/types\/page"}],"author":[{"embeddable":true,"href":"https:\/\/www.futingo.de\/index.php\/wp-json\/wp\/v2\/users\/1"}],"replies":[{"embeddable":true,"href":"https:\/\/www.futingo.de\/index.php\/wp-json\/wp\/v2\/comments?post=32"}],"version-history":[{"count":6,"href":"https:\/\/www.futingo.de\/index.php\/wp-json\/wp\/v2\/pages\/32\/revisions"}],"predecessor-version":[{"id":49,"href":"https:\/\/www.futingo.de\/index.php\/wp-json\/wp\/v2\/pages\/32\/revisions\/49"}],"wp:attachment":[{"href":"https:\/\/www.futingo.de\/index.php\/wp-json\/wp\/v2\/media?parent=32"}],"curies":[{"name":"wp","href":"https:\/\/api.w.org\/{rel}","templated":true}]}}