{"id":5,"date":"2017-11-15T19:33:57","date_gmt":"2017-11-15T19:33:57","guid":{"rendered":"https:\/\/wordpress.futingo.gmbh\/?page_id=5"},"modified":"2018-05-24T08:38:56","modified_gmt":"2018-05-24T08:38:56","slug":"impressum","status":"publish","type":"page","link":"https:\/\/www.futingo.de\/index.php\/impressum\/","title":{"rendered":"Impressum"},"content":{"rendered":"<h2>Impressum<\/h2>\n<h3>Vertretungsberechtigte Gesch\u00e4ftsf\u00fchrer<\/h3>\n<p align=\"justify\">Herr Dipl. Inf. Ingo Dagef\u00f6rde<br \/>\nHerr Dipl. Inf. Tino Naphtali<\/p>\n<h3>Handelsregister<\/h3>\n<table border=\"0\" cellspacing=\"0\" cellpadding=\"0\">\n<tbody>\n<tr>\n<td>Registergericht:<\/td>\n<td><\/td>\n<td>Amtsgericht Frankfurt (Oder)<\/td>\n<\/tr>\n<tr>\n<td>Registernummer:<\/td>\n<td><\/td>\n<td>HRB 15893 FF<\/td>\n<\/tr>\n<\/tbody>\n<\/table>\n<h3>Umsatzsteuer<\/h3>\n<table border=\"0\" cellspacing=\"0\" cellpadding=\"0\">\n<tbody>\n<tr>\n<td>Um\u00adsatz\u00adsteueriden\u00adtifi\u00adka\u00adtions\u00adnummer:<\/td>\n<td><\/td>\n<td>DE 269013123<\/td>\n<\/tr>\n<\/tbody>\n<\/table>\n<h3>Inhaltlich Verantwortlicher<\/h3>\n<p align=\"justify\">Gem\u00e4\u00df \u00a710 Absatz 3 MDStV und \u00a755 Absatz 2 RfStV:<br \/>\nTino Naphtali (Anschrift wie oben)<\/p>\n<h3>Urheberrecht und Copyright<\/h3>\n<p align=\"justify\">Der Urheber r\u00e4umt Ihnen ganz konkret das Nutzungs\u00adrecht ein, sich eine private Kopie f\u00fcr per\u00ads\u00f6nliche Zwecke anzufertigen. Nicht be\u00adrechtigt sind Sie da\u00adge\u00adgen, die Ma\u00adte\u00adrialien zu ver\u00ad\u00e4ndern und\/oder weiter zu geben oder gar selbst zu ver\u00ad\u00f6ffent\u00adlichen.<\/p>\n<h3>Schutzrechtsverletzung<\/h3>\n<p align=\"justify\">Falls Sie vermuten, dass von dieser Web\u00adseite aus eines Ihrer Schutz\u00adrechte ver\u00adletzt wird, tei\u00adlen Sie das bitte um\u00adgehend per elektronischer Post mit, damit z\u00fcgig Ab\u00adhilfe ge\u00adschafft werden kann. Bitte nehmen Sie zur Kenntnis: Die zeit\u00adaufw\u00e4ndigere Ein\u00adschaltung eines An\u00adwalts zur f\u00fcr den Dienste\u00adanbieter kosten\u00adpflichtigen Ab\u00admahnung ent\u00adspricht nicht dessen wirk\u00adlichem oder mut\u00adma\u00dflichem Willen.<\/p>\n<p align=\"justify\">\n","protected":false},"excerpt":{"rendered":"<p>Impressum Vertretungsberechtigte Gesch\u00e4ftsf\u00fchrer Herr Dipl. Inf. Ingo Dagef\u00f6rde Herr Dipl. Inf. Tino Naphtali Handelsregister Registergericht: Amtsgericht Frankfurt (Oder) Registernummer: HRB 15893 FF Umsatzsteuer Um\u00adsatz\u00adsteueriden\u00adtifi\u00adka\u00adtions\u00adnummer: DE 269013123 Inhaltlich Verantwortlicher Gem\u00e4\u00df \u00a710 Absatz 3 MDStV und \u00a755 Absatz 2 RfStV: Tino Naphtali (Anschrift wie oben) Urheberrecht und Copyright Der Urheber r\u00e4umt Ihnen ganz konkret das Nutzungs\u00adrecht ein, [&hellip;]<\/p>\n","protected":false},"author":1,"featured_media":0,"parent":0,"menu_order":0,"comment_status":"closed","ping_status":"closed","template":"","meta":[],"_links":{"self":[{"href":"https:\/\/www.futingo.de\/index.php\/wp-json\/wp\/v2\/pages\/5"}],"collection":[{"href":"https:\/\/www.futingo.de\/index.php\/wp-json\/wp\/v2\/pages"}],"about":[{"href":"https:\/\/www.futingo.de\/index.php\/wp-json\/wp\/v2\/types\/page"}],"author":[{"embeddable":true,"href":"https:\/\/www.futingo.de\/index.php\/wp-json\/wp\/v2\/users\/1"}],"replies":[{"embeddable":true,"href":"https:\/\/www.futingo.de\/index.php\/wp-json\/wp\/v2\/comments?post=5"}],"version-history":[{"count":2,"href":"https:\/\/www.futingo.de\/index.php\/wp-json\/wp\/v2\/pages\/5\/revisions"}],"predecessor-version":[{"id":34,"href":"https:\/\/www.futingo.de\/index.php\/wp-json\/wp\/v2\/pages\/5\/revisions\/34"}],"wp:attachment":[{"href":"https:\/\/www.futingo.de\/index.php\/wp-json\/wp\/v2\/media?parent=5"}],"curies":[{"name":"wp","href":"https:\/\/api.w.org\/{rel}","templated":true}]}}